{"id":433,"date":"2024-07-12T04:46:02","date_gmt":"2024-07-12T04:46:02","guid":{"rendered":"https:\/\/social-viking.com\/?post_type=product&#038;p=433"},"modified":"2024-10-30T19:28:17","modified_gmt":"2024-10-30T19:28:17","slug":"plan-indispensable-anual","status":"publish","type":"product","link":"https:\/\/social-viking.com\/index.php\/producto\/plan-indispensable-anual\/","title":{"rendered":"Plan Indispensable Anual"},"content":{"rendered":"<p>ESTE PLAN INCLUYE:<\/p>\n<ul>\n<li>2 redes sociales a elegir: Facebook, Twitter, Instagram, LinkedIN, Pinterest, Tiktok o Google my Business.<\/li>\n<li>(Facebook Lun a Dom. Instagram,Twitter , Linkedin de Lun a Vier, Pinterest y Google my business 3 publicaciones semanales)<\/li>\n<li>Parrilla de contenido con textos (copies) de cada una de las publicaciones.<\/li>\n<li>2 Propuestas para campa\u00f1as pagadas.<\/li>\n<li>Dise\u00f1o en fotos y videos.<\/li>\n<li>Respuesta y seguimiento a comentarios.<\/li>\n<li>(Lun a Vier de 9:00 a 17:00 hrs (GMT-6)).<\/li>\n<li>Respuesta y seguimiento a inbox.<\/li>\n<li>(Lun a Vier de 9:00 a 17:00 hrs (GMT-6)).<\/li>\n<li>Reporte mensual de crecimiento.<\/li>\n<li>Un Agente asignado a tu negocio.<\/li>\n<li>Cancela cuando quieras.<\/li>\n<\/ul>\n<p>Entrega:<\/p>\n<p>Mismo d\u00eda de contrataci\u00f3n teniendo toda la informaci\u00f3n completa por parte del cliente. (Antes de las 14:00 hrs (GMT-6)).<\/p>\n","protected":false},"excerpt":{"rendered":"<p>ESTE PLAN INCLUYE: 2 redes sociales a elegir: Facebook, Twitter, Instagram, LinkedIN, Pinterest, Tiktok o Google my Business. (Facebook Lun [&hellip;]<\/p>\n","protected":false},"featured_media":740,"comment_status":"open","ping_status":"closed","template":"","meta":{"site-sidebar-layout":"default","site-content-layout":"","ast-site-content-layout":"default","site-content-style":"default","site-sidebar-style":"default","ast-global-header-display":"","ast-banner-title-visibility":"","ast-main-header-display":"","ast-hfb-above-header-display":"","ast-hfb-below-header-display":"","ast-hfb-mobile-header-display":"","site-post-title":"","ast-breadcrumbs-content":"","ast-featured-img":"","footer-sml-layout":"","theme-transparent-header-meta":"default","adv-header-id-meta":"","stick-header-meta":"","header-above-stick-meta":"","header-main-stick-meta":"","header-below-stick-meta":"","astra-migrate-meta-layouts":"set","ast-page-background-enabled":"default","ast-page-background-meta":{"desktop":{"background-color":"var(--ast-global-color-4)","background-image":"","background-repeat":"repeat","background-position":"center center","background-size":"auto","background-attachment":"scroll","background-type":"","background-media":"","overlay-type":"","overlay-color":"","overlay-opacity":"","overlay-gradient":""},"tablet":{"background-color":"","background-image":"","background-repeat":"repeat","background-position":"center center","background-size":"auto","background-attachment":"scroll","background-type":"","background-media":"","overlay-type":"","overlay-color":"","overlay-opacity":"","overlay-gradient":""},"mobile":{"background-color":"","background-image":"","background-repeat":"repeat","background-position":"center center","background-size":"auto","background-attachment":"scroll","background-type":"","background-media":"","overlay-type":"","overlay-color":"","overlay-opacity":"","overlay-gradient":""}},"ast-content-background-meta":{"desktop":{"background-color":"var(--ast-global-color-5)","background-image":"","background-repeat":"repeat","background-position":"center center","background-size":"auto","background-attachment":"scroll","background-type":"","background-media":"","overlay-type":"","overlay-color":"","overlay-opacity":"","overlay-gradient":""},"tablet":{"background-color":"var(--ast-global-color-5)","background-image":"","background-repeat":"repeat","background-position":"center center","background-size":"auto","background-attachment":"scroll","background-type":"","background-media":"","overlay-type":"","overlay-color":"","overlay-opacity":"","overlay-gradient":""},"mobile":{"background-color":"var(--ast-global-color-5)","background-image":"","background-repeat":"repeat","background-position":"center center","background-size":"auto","background-attachment":"scroll","background-type":"","background-media":"","overlay-type":"","overlay-color":"","overlay-opacity":"","overlay-gradient":""}}},"product_brand":[],"product_cat":[23],"product_tag":[],"class_list":{"0":"post-433","1":"product","2":"type-product","3":"status-publish","4":"has-post-thumbnail","6":"product_cat-administracion-de-redes-sociales","7":"desktop-align-center","8":"tablet-align-left","9":"mobile-align-left","11":"first","12":"instock","13":"virtual","14":"purchasable","15":"product-type-simple"},"_links":{"self":[{"href":"https:\/\/social-viking.com\/index.php\/wp-json\/wp\/v2\/product\/433","targetHints":{"allow":["GET"]}}],"collection":[{"href":"https:\/\/social-viking.com\/index.php\/wp-json\/wp\/v2\/product"}],"about":[{"href":"https:\/\/social-viking.com\/index.php\/wp-json\/wp\/v2\/types\/product"}],"replies":[{"embeddable":true,"href":"https:\/\/social-viking.com\/index.php\/wp-json\/wp\/v2\/comments?post=433"}],"wp:featuredmedia":[{"embeddable":true,"href":"https:\/\/social-viking.com\/index.php\/wp-json\/wp\/v2\/media\/740"}],"wp:attachment":[{"href":"https:\/\/social-viking.com\/index.php\/wp-json\/wp\/v2\/media?parent=433"}],"wp:term":[{"taxonomy":"product_brand","embeddable":true,"href":"https:\/\/social-viking.com\/index.php\/wp-json\/wp\/v2\/product_brand?post=433"},{"taxonomy":"product_cat","embeddable":true,"href":"https:\/\/social-viking.com\/index.php\/wp-json\/wp\/v2\/product_cat?post=433"},{"taxonomy":"product_tag","embeddable":true,"href":"https:\/\/social-viking.com\/index.php\/wp-json\/wp\/v2\/product_tag?post=433"}],"curies":[{"name":"wp","href":"https:\/\/api.w.org\/{rel}","templated":true}]}}