{"id":440,"date":"2024-07-12T04:46:02","date_gmt":"2024-07-12T04:46:02","guid":{"rendered":"https:\/\/social-viking.com\/?post_type=product&#038;p=440"},"modified":"2024-10-17T17:51:36","modified_gmt":"2024-10-17T17:51:36","slug":"plan-omnipresente-revision","status":"publish","type":"product","link":"https:\/\/social-viking.com\/index.php\/producto\/plan-omnipresente-revision\/","title":{"rendered":"Plan Omnipresente + Revisi\u00f3n"},"content":{"rendered":"<p>6 Redes sociales<\/p>\n<p>Cambia la cantidad de dise\u00f1os del paquete econ\u00f3mico<\/p>\n<ul>\n<li>Instagram y FB de 15 dise\u00f1os en el mes.<\/li>\n<li>Linkedin y Twitter de 15 dise\u00f1os en el mes.<\/li>\n<li>Pinterest y Google my business de 12 dise\u00f1os en el mes.<\/li>\n<li>TikTok no aplica (si desea revisar tiktoks, ver paquetes de videomarketing)<\/li>\n<li>Se env\u00edan los post uno por d\u00eda, la hora l\u00edmite de revisi\u00f3n y correcciones es a las 3 pm GTM-6, si no hay correcciones se publica.<\/li>\n<li>Los dise\u00f1os para la revisi\u00f3n se mandan con marca blanca, una vez aprobados se publican sin marca de agua. Ver t\u00e9rminos y condiciones generales.<\/li>\n<\/ul>\n<p>Pago Mensual<\/p>\n<p>Incluye:<\/p>\n<ul>\n<li>Community manager. Ejecutivo que realizar\u00e1 los dise\u00f1os, las publicaciones, responder mensajes y comentarios en un horario (GMT-6) de 9:00 am a 5:00 pm.<\/li>\n<li>Especialista en campa\u00f1as. Ejecutivo experto en lanzamiento de pautas publicitarias, quien preparar\u00e1 una propuesta de inversi\u00f3n. Los paquetes incluyen una propuesta de campa\u00f1a, si deseas campa\u00f1as adicionales puedes contratarlas por un costo extra.<\/li>\n<\/ul>\n<p>Entrega:<\/p>\n<p>Mismo d\u00eda de contrataci\u00f3n teniendo toda la informaci\u00f3n completa por parte del cliente.<\/p>\n","protected":false},"excerpt":{"rendered":"<p>6 Redes sociales Cambia la cantidad de dise\u00f1os del paquete econ\u00f3mico Instagram y FB de 15 dise\u00f1os en el mes. [&hellip;]<\/p>\n","protected":false},"featured_media":743,"comment_status":"open","ping_status":"closed","template":"","meta":{"site-sidebar-layout":"default","site-content-layout":"","ast-site-content-layout":"default","site-content-style":"default","site-sidebar-style":"default","ast-global-header-display":"","ast-banner-title-visibility":"","ast-main-header-display":"","ast-hfb-above-header-display":"","ast-hfb-below-header-display":"","ast-hfb-mobile-header-display":"","site-post-title":"","ast-breadcrumbs-content":"","ast-featured-img":"","footer-sml-layout":"","theme-transparent-header-meta":"default","adv-header-id-meta":"","stick-header-meta":"","header-above-stick-meta":"","header-main-stick-meta":"","header-below-stick-meta":"","astra-migrate-meta-layouts":"set","ast-page-background-enabled":"default","ast-page-background-meta":{"desktop":{"background-color":"var(--ast-global-color-4)","background-image":"","background-repeat":"repeat","background-position":"center center","background-size":"auto","background-attachment":"scroll","background-type":"","background-media":"","overlay-type":"","overlay-color":"","overlay-opacity":"","overlay-gradient":""},"tablet":{"background-color":"","background-image":"","background-repeat":"repeat","background-position":"center center","background-size":"auto","background-attachment":"scroll","background-type":"","background-media":"","overlay-type":"","overlay-color":"","overlay-opacity":"","overlay-gradient":""},"mobile":{"background-color":"","background-image":"","background-repeat":"repeat","background-position":"center center","background-size":"auto","background-attachment":"scroll","background-type":"","background-media":"","overlay-type":"","overlay-color":"","overlay-opacity":"","overlay-gradient":""}},"ast-content-background-meta":{"desktop":{"background-color":"var(--ast-global-color-5)","background-image":"","background-repeat":"repeat","background-position":"center center","background-size":"auto","background-attachment":"scroll","background-type":"","background-media":"","overlay-type":"","overlay-color":"","overlay-opacity":"","overlay-gradient":""},"tablet":{"background-color":"var(--ast-global-color-5)","background-image":"","background-repeat":"repeat","background-position":"center center","background-size":"auto","background-attachment":"scroll","background-type":"","background-media":"","overlay-type":"","overlay-color":"","overlay-opacity":"","overlay-gradient":""},"mobile":{"background-color":"var(--ast-global-color-5)","background-image":"","background-repeat":"repeat","background-position":"center center","background-size":"auto","background-attachment":"scroll","background-type":"","background-media":"","overlay-type":"","overlay-color":"","overlay-opacity":"","overlay-gradient":""}}},"product_brand":[],"product_cat":[23],"product_tag":[],"class_list":{"0":"post-440","1":"product","2":"type-product","3":"status-publish","4":"has-post-thumbnail","6":"product_cat-administracion-de-redes-sociales","7":"desktop-align-center","8":"tablet-align-left","9":"mobile-align-left","11":"first","12":"instock","13":"virtual","14":"purchasable","15":"product-type-simple"},"_links":{"self":[{"href":"https:\/\/social-viking.com\/index.php\/wp-json\/wp\/v2\/product\/440","targetHints":{"allow":["GET"]}}],"collection":[{"href":"https:\/\/social-viking.com\/index.php\/wp-json\/wp\/v2\/product"}],"about":[{"href":"https:\/\/social-viking.com\/index.php\/wp-json\/wp\/v2\/types\/product"}],"replies":[{"embeddable":true,"href":"https:\/\/social-viking.com\/index.php\/wp-json\/wp\/v2\/comments?post=440"}],"wp:featuredmedia":[{"embeddable":true,"href":"https:\/\/social-viking.com\/index.php\/wp-json\/wp\/v2\/media\/743"}],"wp:attachment":[{"href":"https:\/\/social-viking.com\/index.php\/wp-json\/wp\/v2\/media?parent=440"}],"wp:term":[{"taxonomy":"product_brand","embeddable":true,"href":"https:\/\/social-viking.com\/index.php\/wp-json\/wp\/v2\/product_brand?post=440"},{"taxonomy":"product_cat","embeddable":true,"href":"https:\/\/social-viking.com\/index.php\/wp-json\/wp\/v2\/product_cat?post=440"},{"taxonomy":"product_tag","embeddable":true,"href":"https:\/\/social-viking.com\/index.php\/wp-json\/wp\/v2\/product_tag?post=440"}],"curies":[{"name":"wp","href":"https:\/\/api.w.org\/{rel}","templated":true}]}}