{"id":446,"date":"2024-07-12T04:46:02","date_gmt":"2024-07-12T04:46:02","guid":{"rendered":"https:\/\/social-viking.com\/?post_type=product&#038;p=446"},"modified":"2024-10-17T17:54:00","modified_gmt":"2024-10-17T17:54:00","slug":"master-plan-anual","status":"publish","type":"product","link":"https:\/\/social-viking.com\/index.php\/producto\/master-plan-anual\/","title":{"rendered":"Master Plan Anual"},"content":{"rendered":"<p>El paquete de marketing m\u00e1s completo para tu negocio al mejor precio<\/p>\n<p>Incluye:<\/p>\n<ul>\n<li>$20 USD en ads.<\/li>\n<li>Instagram:\n<ul>\n<li>20 dise\u00f1os<\/li>\n<li>Community manager. Ejecutivo que realizar\u00e1 los dise\u00f1os, las publicaciones, responder mensajes y comentarios en un horario (GMT-6) de 9:00 am a 5:00 pm<\/li>\n<li>Especialista en campa\u00f1as. Ejecutivo experto en lanzamiento de pautas publicitarias, quien preparar\u00e1 una propuesta de inversi\u00f3n. El Plan m\u00e1ster incluye una propuesta de campa\u00f1a, si deseas campa\u00f1as adicionales puedes contratarlas por un costo extra<\/li>\n<\/ul>\n<\/li>\n<li>Facebook:\n<ul>\n<li>30 dise\u00f1os<\/li>\n<li>Community manager. Ejecutivo que realizar\u00e1 los dise\u00f1os, las publicaciones, responder mensajes y comentarios en un horario (GMT-6) de 9:00 am a 5:00 pm<\/li>\n<li>Especialista en campa\u00f1as. Ejecutivo experto en lanzamiento de pautas publicitarias, quien preparar\u00e1una propuesta de inversi\u00f3n. El Plan m\u00e1ster incluye una propuesta de campa\u00f1a, si deseas campa\u00f1as adicionales puedes contratarlas por un costo extra<\/li>\n<\/ul>\n<\/li>\n<li>TiTok:\n<ul>\n<li>8 Videos<\/li>\n<li>Community manager. Ejecutivo que realizar\u00e1 los videos y la publicaci\u00f3n de los mismos en TikTok<\/li>\n<li>Especialista en campa\u00f1as. Ejecutivo\u00a0experto en lanzamiento de pautas publicitarias, quien preparar\u00e1una propuesta de inversi\u00f3n. El Plan m\u00e1ster incluye una propuesta de campa\u00f1a, si deseas campa\u00f1as adicionales puedes contratarlas por un costo extra<\/li>\n<\/ul>\n<\/li>\n<li>Desarrollo de 1 Sitio web:\n<ul>\n<li>5 p\u00e1ginas ejemplo: Inicio, Nosotros, Contacto, Servicios, Testimonios. Ideal para negocios que buscan compartir informaci\u00f3n detallada de sus servicios<\/li>\n<\/ul>\n<\/li>\n<\/ul>\n<p>Entrega:<\/p>\n<p>P\u00e1gina web informativa: 8 d\u00edas h\u00e1biles Redes sociales: mismo d\u00eda de contrataci\u00f3n teniendo toda la informaci\u00f3n del cliente<\/p>\n","protected":false},"excerpt":{"rendered":"<p>El paquete de marketing m\u00e1s completo para tu negocio al mejor precio Incluye: $20 USD en ads. Instagram: 20 dise\u00f1os [&hellip;]<\/p>\n","protected":false},"featured_media":744,"comment_status":"open","ping_status":"closed","template":"","meta":{"site-sidebar-layout":"default","site-content-layout":"","ast-site-content-layout":"default","site-content-style":"default","site-sidebar-style":"default","ast-global-header-display":"","ast-banner-title-visibility":"","ast-main-header-display":"","ast-hfb-above-header-display":"","ast-hfb-below-header-display":"","ast-hfb-mobile-header-display":"","site-post-title":"","ast-breadcrumbs-content":"","ast-featured-img":"","footer-sml-layout":"","theme-transparent-header-meta":"default","adv-header-id-meta":"","stick-header-meta":"","header-above-stick-meta":"","header-main-stick-meta":"","header-below-stick-meta":"","astra-migrate-meta-layouts":"set","ast-page-background-enabled":"default","ast-page-background-meta":{"desktop":{"background-color":"var(--ast-global-color-4)","background-image":"","background-repeat":"repeat","background-position":"center center","background-size":"auto","background-attachment":"scroll","background-type":"","background-media":"","overlay-type":"","overlay-color":"","overlay-opacity":"","overlay-gradient":""},"tablet":{"background-color":"","background-image":"","background-repeat":"repeat","background-position":"center center","background-size":"auto","background-attachment":"scroll","background-type":"","background-media":"","overlay-type":"","overlay-color":"","overlay-opacity":"","overlay-gradient":""},"mobile":{"background-color":"","background-image":"","background-repeat":"repeat","background-position":"center center","background-size":"auto","background-attachment":"scroll","background-type":"","background-media":"","overlay-type":"","overlay-color":"","overlay-opacity":"","overlay-gradient":""}},"ast-content-background-meta":{"desktop":{"background-color":"var(--ast-global-color-5)","background-image":"","background-repeat":"repeat","background-position":"center center","background-size":"auto","background-attachment":"scroll","background-type":"","background-media":"","overlay-type":"","overlay-color":"","overlay-opacity":"","overlay-gradient":""},"tablet":{"background-color":"var(--ast-global-color-5)","background-image":"","background-repeat":"repeat","background-position":"center center","background-size":"auto","background-attachment":"scroll","background-type":"","background-media":"","overlay-type":"","overlay-color":"","overlay-opacity":"","overlay-gradient":""},"mobile":{"background-color":"var(--ast-global-color-5)","background-image":"","background-repeat":"repeat","background-position":"center center","background-size":"auto","background-attachment":"scroll","background-type":"","background-media":"","overlay-type":"","overlay-color":"","overlay-opacity":"","overlay-gradient":""}}},"product_brand":[],"product_cat":[23],"product_tag":[],"class_list":{"0":"post-446","1":"product","2":"type-product","3":"status-publish","4":"has-post-thumbnail","6":"product_cat-administracion-de-redes-sociales","7":"desktop-align-center","8":"tablet-align-left","9":"mobile-align-left","11":"first","12":"instock","13":"virtual","14":"purchasable","15":"product-type-simple"},"_links":{"self":[{"href":"https:\/\/social-viking.com\/index.php\/wp-json\/wp\/v2\/product\/446","targetHints":{"allow":["GET"]}}],"collection":[{"href":"https:\/\/social-viking.com\/index.php\/wp-json\/wp\/v2\/product"}],"about":[{"href":"https:\/\/social-viking.com\/index.php\/wp-json\/wp\/v2\/types\/product"}],"replies":[{"embeddable":true,"href":"https:\/\/social-viking.com\/index.php\/wp-json\/wp\/v2\/comments?post=446"}],"wp:featuredmedia":[{"embeddable":true,"href":"https:\/\/social-viking.com\/index.php\/wp-json\/wp\/v2\/media\/744"}],"wp:attachment":[{"href":"https:\/\/social-viking.com\/index.php\/wp-json\/wp\/v2\/media?parent=446"}],"wp:term":[{"taxonomy":"product_brand","embeddable":true,"href":"https:\/\/social-viking.com\/index.php\/wp-json\/wp\/v2\/product_brand?post=446"},{"taxonomy":"product_cat","embeddable":true,"href":"https:\/\/social-viking.com\/index.php\/wp-json\/wp\/v2\/product_cat?post=446"},{"taxonomy":"product_tag","embeddable":true,"href":"https:\/\/social-viking.com\/index.php\/wp-json\/wp\/v2\/product_tag?post=446"}],"curies":[{"name":"wp","href":"https:\/\/api.w.org\/{rel}","templated":true}]}}