{"id":447,"date":"2024-07-12T04:46:02","date_gmt":"2024-07-12T04:46:02","guid":{"rendered":"https:\/\/social-viking.com\/?post_type=product&#038;p=447"},"modified":"2024-10-17T17:52:26","modified_gmt":"2024-10-17T17:52:26","slug":"diseno-de-marca","status":"publish","type":"product","link":"https:\/\/social-viking.com\/index.php\/producto\/diseno-de-marca\/","title":{"rendered":"Dise\u00f1o de Marca"},"content":{"rendered":"<p>Dise\u00f1amos m\u00e1s que un logotipo<\/p>\n<p>Entrega:<br \/>\n-Logotipo de tu marca en formato png y vectores o en el formato que lo necesites.<br \/>\n-Manual de Identidad corporativa, con las instrucciones de c\u00f3mo utilizar tu logotipo en diferentes formatos y presentaciones<br \/>\n-Paleta de colores. Te entregamos tu paleta de colores corporativos para utilizar en tu marca.<br \/>\n-Usos y presentaciones. Te incluimos una presentaci\u00f3n digital mostrando la implementaci\u00f3n de tu logotipo en diferentes materiales.<\/p>\n<p>Primera etapa de: 5 a 7 d\u00edas h\u00e1biles. Segunda etapa: 3 d\u00edas h\u00e1biles<\/p>\n","protected":false},"excerpt":{"rendered":"<p>Dise\u00f1amos m\u00e1s que un logotipo Entrega: -Logotipo de tu marca en formato png y vectores o en el formato que [&hellip;]<\/p>\n","protected":false},"featured_media":745,"comment_status":"open","ping_status":"closed","template":"","meta":{"site-sidebar-layout":"default","site-content-layout":"","ast-site-content-layout":"default","site-content-style":"default","site-sidebar-style":"default","ast-global-header-display":"","ast-banner-title-visibility":"","ast-main-header-display":"","ast-hfb-above-header-display":"","ast-hfb-below-header-display":"","ast-hfb-mobile-header-display":"","site-post-title":"","ast-breadcrumbs-content":"","ast-featured-img":"","footer-sml-layout":"","theme-transparent-header-meta":"default","adv-header-id-meta":"","stick-header-meta":"","header-above-stick-meta":"","header-main-stick-meta":"","header-below-stick-meta":"","astra-migrate-meta-layouts":"set","ast-page-background-enabled":"default","ast-page-background-meta":{"desktop":{"background-color":"var(--ast-global-color-4)","background-image":"","background-repeat":"repeat","background-position":"center center","background-size":"auto","background-attachment":"scroll","background-type":"","background-media":"","overlay-type":"","overlay-color":"","overlay-opacity":"","overlay-gradient":""},"tablet":{"background-color":"","background-image":"","background-repeat":"repeat","background-position":"center center","background-size":"auto","background-attachment":"scroll","background-type":"","background-media":"","overlay-type":"","overlay-color":"","overlay-opacity":"","overlay-gradient":""},"mobile":{"background-color":"","background-image":"","background-repeat":"repeat","background-position":"center center","background-size":"auto","background-attachment":"scroll","background-type":"","background-media":"","overlay-type":"","overlay-color":"","overlay-opacity":"","overlay-gradient":""}},"ast-content-background-meta":{"desktop":{"background-color":"var(--ast-global-color-5)","background-image":"","background-repeat":"repeat","background-position":"center center","background-size":"auto","background-attachment":"scroll","background-type":"","background-media":"","overlay-type":"","overlay-color":"","overlay-opacity":"","overlay-gradient":""},"tablet":{"background-color":"var(--ast-global-color-5)","background-image":"","background-repeat":"repeat","background-position":"center center","background-size":"auto","background-attachment":"scroll","background-type":"","background-media":"","overlay-type":"","overlay-color":"","overlay-opacity":"","overlay-gradient":""},"mobile":{"background-color":"var(--ast-global-color-5)","background-image":"","background-repeat":"repeat","background-position":"center center","background-size":"auto","background-attachment":"scroll","background-type":"","background-media":"","overlay-type":"","overlay-color":"","overlay-opacity":"","overlay-gradient":""}}},"product_brand":[],"product_cat":[24],"product_tag":[],"class_list":{"0":"post-447","1":"product","2":"type-product","3":"status-publish","4":"has-post-thumbnail","6":"product_cat-diseno-de-marca","7":"desktop-align-center","8":"tablet-align-left","9":"mobile-align-left","11":"first","12":"instock","13":"virtual","14":"purchasable","15":"product-type-simple"},"_links":{"self":[{"href":"https:\/\/social-viking.com\/index.php\/wp-json\/wp\/v2\/product\/447","targetHints":{"allow":["GET"]}}],"collection":[{"href":"https:\/\/social-viking.com\/index.php\/wp-json\/wp\/v2\/product"}],"about":[{"href":"https:\/\/social-viking.com\/index.php\/wp-json\/wp\/v2\/types\/product"}],"replies":[{"embeddable":true,"href":"https:\/\/social-viking.com\/index.php\/wp-json\/wp\/v2\/comments?post=447"}],"wp:featuredmedia":[{"embeddable":true,"href":"https:\/\/social-viking.com\/index.php\/wp-json\/wp\/v2\/media\/745"}],"wp:attachment":[{"href":"https:\/\/social-viking.com\/index.php\/wp-json\/wp\/v2\/media?parent=447"}],"wp:term":[{"taxonomy":"product_brand","embeddable":true,"href":"https:\/\/social-viking.com\/index.php\/wp-json\/wp\/v2\/product_brand?post=447"},{"taxonomy":"product_cat","embeddable":true,"href":"https:\/\/social-viking.com\/index.php\/wp-json\/wp\/v2\/product_cat?post=447"},{"taxonomy":"product_tag","embeddable":true,"href":"https:\/\/social-viking.com\/index.php\/wp-json\/wp\/v2\/product_tag?post=447"}],"curies":[{"name":"wp","href":"https:\/\/api.w.org\/{rel}","templated":true}]}}